{"id":571,"date":"2016-02-17T12:33:54","date_gmt":"2016-02-17T11:33:54","guid":{"rendered":"https:\/\/www.de-haan.nl\/de\/?page_id=571"},"modified":"2016-03-22T12:36:42","modified_gmt":"2016-03-22T11:36:42","slug":"ce","status":"publish","type":"page","link":"https:\/\/www.de-haan.nl\/de\/qualitaet\/ce\/","title":{"rendered":"CE"},"content":{"rendered":"<p>Das CE-Zeichen zeigt dass das Produkt den geltenden Regeln innerhalb des Europ\u00e4ischen Wirtschaftsraums (EWR: Die Europ\u00e4ische Union sowie Liechtenstein, Norwegen und Island) entspricht. CE steht f\u00fcr \u201aConformit\u00e9 Europ\u00e9enne\u2018, was \u201ain \u00dcbereinstimmung mit den europ\u00e4ischen Vorschriften\u2018 bedeutet.<\/p>\n<p><strong>Montageanleitung und Konformit\u00e4tserkl\u00e4rung:<\/strong><\/p>\n<p>Aluminium Kotfl\u00fcgel:<\/p>\n<p><i class=\"icon-file-pdf\"><\/i> <a href=\"https:\/\/www.de-haan.nl\/wp-content\/uploads\/2016\/03\/CE-AQ-DE.pdf\" rel=\"\">CE AQ DE<\/a><\/p>\n<p>Profibox:<\/p>\n<p><i class=\"icon-file-pdf\"><\/i> <a href=\"https:\/\/www.de-haan.nl\/wp-content\/uploads\/2016\/03\/CE-BOX-DE.pdf\" rel=\"\">CE BOX DE<\/a><\/p>\n<p>Kunststoff Kotfl\u00fcgel:<\/p>\n<p><i class=\"icon-file-pdf\"><\/i> <a href=\"https:\/\/www.de-haan.nl\/wp-content\/uploads\/2016\/03\/CE-HMK-DE.pdf\" rel=\"\">CE HMK DE<\/a><\/p>\n<p>Blech Kotfl\u00fcgel Eckig:<\/p>\n<p><i class=\"icon-file-pdf\"><\/i> <a href=\"https:\/\/www.de-haan.nl\/wp-content\/uploads\/2016\/03\/CE-HR-DE.pdf\" rel=\"\">CE HR DE<\/a><\/p>\n<p>Blech Kotfl\u00fcgel Rund:<\/p>\n<p><i class=\"icon-file-pdf\"><\/i> <a href=\"https:\/\/www.de-haan.nl\/wp-content\/uploads\/2016\/03\/CE-R-DE.pdf\" rel=\"\">CE R DE<\/a><\/p>\n<p>Diese Dokumente sind auf Anfrage in verschiedene Sprachen erh\u00e4ltlich.<\/p>\n","protected":false},"excerpt":{"rendered":"<p>Das CE-Zeichen zeigt dass das Produkt den geltenden Regeln innerhalb des Europ\u00e4ischen Wirtschaftsraums (EWR: Die Europ\u00e4ische Union sowie Liechtenstein, Norwegen und Island) entspricht. CE steht f\u00fcr \u201aConformit\u00e9 Europ\u00e9enne\u2018, was \u201ain &#8230; <a class=\"read-more\" href=\"https:\/\/www.de-haan.nl\/de\/qualitaet\/ce\/\">Lesen Sie mehr &raquo;<\/a><\/p>\n","protected":false},"author":1,"featured_media":0,"parent":561,"menu_order":4,"comment_status":"closed","ping_status":"closed","template":"","meta":{"_acf_changed":false,"footnotes":""},"class_list":["post-571","page","type-page","status-publish","hentry"],"acf":[],"yoast_head":"<!-- This site is optimized with the Yoast SEO plugin v27.6 - https:\/\/yoast.com\/product\/yoast-seo-wordpress\/ -->\n<title>CE - De Haan Metaaltechniek<\/title>\n<meta name=\"robots\" content=\"index, follow, max-snippet:-1, max-image-preview:large, max-video-preview:-1\" \/>\n<link rel=\"canonical\" href=\"https:\/\/www.de-haan.nl\/de\/qualitaet\/ce\/\" \/>\n<meta property=\"og:locale\" content=\"de_DE\" \/>\n<meta property=\"og:type\" content=\"article\" \/>\n<meta property=\"og:title\" content=\"CE - De Haan Metaaltechniek\" \/>\n<meta property=\"og:description\" content=\"Das CE-Zeichen zeigt dass das Produkt den geltenden Regeln innerhalb des Europ\u00e4ischen Wirtschaftsraums (EWR: Die Europ\u00e4ische Union sowie Liechtenstein, Norwegen und Island) entspricht. CE steht f\u00fcr \u201aConformit\u00e9 Europ\u00e9enne\u2018, was \u201ain ... Lesen Sie mehr &raquo;\" \/>\n<meta property=\"og:url\" content=\"https:\/\/www.de-haan.nl\/de\/qualitaet\/ce\/\" \/>\n<meta property=\"og:site_name\" content=\"De Haan Metaaltechniek\" \/>\n<meta property=\"article:modified_time\" content=\"2016-03-22T11:36:42+00:00\" \/>\n<meta name=\"twitter:card\" content=\"summary_large_image\" \/>\n<script type=\"application\/ld+json\" class=\"yoast-schema-graph\">{\"@context\":\"https:\\\/\\\/schema.org\",\"@graph\":[{\"@type\":\"WebPage\",\"@id\":\"https:\\\/\\\/www.de-haan.nl\\\/de\\\/qualitaet\\\/ce\\\/\",\"url\":\"https:\\\/\\\/www.de-haan.nl\\\/de\\\/qualitaet\\\/ce\\\/\",\"name\":\"CE - De Haan Metaaltechniek\",\"isPartOf\":{\"@id\":\"https:\\\/\\\/www.de-haan.nl\\\/#website\"},\"datePublished\":\"2016-02-17T11:33:54+00:00\",\"dateModified\":\"2016-03-22T11:36:42+00:00\",\"breadcrumb\":{\"@id\":\"https:\\\/\\\/www.de-haan.nl\\\/de\\\/qualitaet\\\/ce\\\/#breadcrumb\"},\"inLanguage\":\"de\",\"potentialAction\":[{\"@type\":\"ReadAction\",\"target\":[\"https:\\\/\\\/www.de-haan.nl\\\/de\\\/qualitaet\\\/ce\\\/\"]}]},{\"@type\":\"BreadcrumbList\",\"@id\":\"https:\\\/\\\/www.de-haan.nl\\\/de\\\/qualitaet\\\/ce\\\/#breadcrumb\",\"itemListElement\":[{\"@type\":\"ListItem\",\"position\":1,\"name\":\"Home\",\"item\":\"https:\\\/\\\/www.de-haan.nl\\\/de\\\/\"},{\"@type\":\"ListItem\",\"position\":2,\"name\":\"Qualit\u00e4t\",\"item\":\"https:\\\/\\\/www.de-haan.nl\\\/de\\\/qualitaet\\\/\"},{\"@type\":\"ListItem\",\"position\":3,\"name\":\"CE\"}]},{\"@type\":\"WebSite\",\"@id\":\"https:\\\/\\\/www.de-haan.nl\\\/#website\",\"url\":\"https:\\\/\\\/www.de-haan.nl\\\/\",\"name\":\"De Haan Metaaltechniek\",\"description\":\"Producent van kwaliteits-spatschermen in staal en kunststof voor aanhangwagens, boottrailers en paardentrailers.\",\"publisher\":{\"@id\":\"https:\\\/\\\/www.de-haan.nl\\\/#organization\"},\"potentialAction\":[{\"@type\":\"SearchAction\",\"target\":{\"@type\":\"EntryPoint\",\"urlTemplate\":\"https:\\\/\\\/www.de-haan.nl\\\/?s={search_term_string}\"},\"query-input\":{\"@type\":\"PropertyValueSpecification\",\"valueRequired\":true,\"valueName\":\"search_term_string\"}}],\"inLanguage\":\"de\"},{\"@type\":\"Organization\",\"@id\":\"https:\\\/\\\/www.de-haan.nl\\\/#organization\",\"name\":\"De Haan Metaaltechniek\",\"url\":\"https:\\\/\\\/www.de-haan.nl\\\/\",\"logo\":{\"@type\":\"ImageObject\",\"inLanguage\":\"de\",\"@id\":\"https:\\\/\\\/www.de-haan.nl\\\/#\\\/schema\\\/logo\\\/image\\\/\",\"url\":\"https:\\\/\\\/www.de-haan.nl\\\/wp-content\\\/uploads\\\/2016\\\/03\\\/logo.gif\",\"contentUrl\":\"https:\\\/\\\/www.de-haan.nl\\\/wp-content\\\/uploads\\\/2016\\\/03\\\/logo.gif\",\"width\":320,\"height\":120,\"caption\":\"De Haan Metaaltechniek\"},\"image\":{\"@id\":\"https:\\\/\\\/www.de-haan.nl\\\/#\\\/schema\\\/logo\\\/image\\\/\"}}]}<\/script>\n<!-- \/ Yoast SEO plugin. -->","yoast_head_json":{"title":"CE - De Haan Metaaltechniek","robots":{"index":"index","follow":"follow","max-snippet":"max-snippet:-1","max-image-preview":"max-image-preview:large","max-video-preview":"max-video-preview:-1"},"canonical":"https:\/\/www.de-haan.nl\/de\/qualitaet\/ce\/","og_locale":"de_DE","og_type":"article","og_title":"CE - De Haan Metaaltechniek","og_description":"Das CE-Zeichen zeigt dass das Produkt den geltenden Regeln innerhalb des Europ\u00e4ischen Wirtschaftsraums (EWR: Die Europ\u00e4ische Union sowie Liechtenstein, Norwegen und Island) entspricht. CE steht f\u00fcr \u201aConformit\u00e9 Europ\u00e9enne\u2018, was \u201ain ... Lesen Sie mehr &raquo;","og_url":"https:\/\/www.de-haan.nl\/de\/qualitaet\/ce\/","og_site_name":"De Haan Metaaltechniek","article_modified_time":"2016-03-22T11:36:42+00:00","twitter_card":"summary_large_image","schema":{"@context":"https:\/\/schema.org","@graph":[{"@type":"WebPage","@id":"https:\/\/www.de-haan.nl\/de\/qualitaet\/ce\/","url":"https:\/\/www.de-haan.nl\/de\/qualitaet\/ce\/","name":"CE - De Haan Metaaltechniek","isPartOf":{"@id":"https:\/\/www.de-haan.nl\/#website"},"datePublished":"2016-02-17T11:33:54+00:00","dateModified":"2016-03-22T11:36:42+00:00","breadcrumb":{"@id":"https:\/\/www.de-haan.nl\/de\/qualitaet\/ce\/#breadcrumb"},"inLanguage":"de","potentialAction":[{"@type":"ReadAction","target":["https:\/\/www.de-haan.nl\/de\/qualitaet\/ce\/"]}]},{"@type":"BreadcrumbList","@id":"https:\/\/www.de-haan.nl\/de\/qualitaet\/ce\/#breadcrumb","itemListElement":[{"@type":"ListItem","position":1,"name":"Home","item":"https:\/\/www.de-haan.nl\/de\/"},{"@type":"ListItem","position":2,"name":"Qualit\u00e4t","item":"https:\/\/www.de-haan.nl\/de\/qualitaet\/"},{"@type":"ListItem","position":3,"name":"CE"}]},{"@type":"WebSite","@id":"https:\/\/www.de-haan.nl\/#website","url":"https:\/\/www.de-haan.nl\/","name":"De Haan Metaaltechniek","description":"Producent van kwaliteits-spatschermen in staal en kunststof voor aanhangwagens, boottrailers en paardentrailers.","publisher":{"@id":"https:\/\/www.de-haan.nl\/#organization"},"potentialAction":[{"@type":"SearchAction","target":{"@type":"EntryPoint","urlTemplate":"https:\/\/www.de-haan.nl\/?s={search_term_string}"},"query-input":{"@type":"PropertyValueSpecification","valueRequired":true,"valueName":"search_term_string"}}],"inLanguage":"de"},{"@type":"Organization","@id":"https:\/\/www.de-haan.nl\/#organization","name":"De Haan Metaaltechniek","url":"https:\/\/www.de-haan.nl\/","logo":{"@type":"ImageObject","inLanguage":"de","@id":"https:\/\/www.de-haan.nl\/#\/schema\/logo\/image\/","url":"https:\/\/www.de-haan.nl\/wp-content\/uploads\/2016\/03\/logo.gif","contentUrl":"https:\/\/www.de-haan.nl\/wp-content\/uploads\/2016\/03\/logo.gif","width":320,"height":120,"caption":"De Haan Metaaltechniek"},"image":{"@id":"https:\/\/www.de-haan.nl\/#\/schema\/logo\/image\/"}}]}},"_links":{"self":[{"href":"https:\/\/www.de-haan.nl\/de\/wp-json\/wp\/v2\/pages\/571","targetHints":{"allow":["GET"]}}],"collection":[{"href":"https:\/\/www.de-haan.nl\/de\/wp-json\/wp\/v2\/pages"}],"about":[{"href":"https:\/\/www.de-haan.nl\/de\/wp-json\/wp\/v2\/types\/page"}],"author":[{"embeddable":true,"href":"https:\/\/www.de-haan.nl\/de\/wp-json\/wp\/v2\/users\/1"}],"replies":[{"embeddable":true,"href":"https:\/\/www.de-haan.nl\/de\/wp-json\/wp\/v2\/comments?post=571"}],"version-history":[{"count":0,"href":"https:\/\/www.de-haan.nl\/de\/wp-json\/wp\/v2\/pages\/571\/revisions"}],"up":[{"embeddable":true,"href":"https:\/\/www.de-haan.nl\/de\/wp-json\/wp\/v2\/pages\/561"}],"wp:attachment":[{"href":"https:\/\/www.de-haan.nl\/de\/wp-json\/wp\/v2\/media?parent=571"}],"curies":[{"name":"wp","href":"https:\/\/api.w.org\/{rel}","templated":true}]}}