{"id":553,"date":"2016-02-17T12:32:27","date_gmt":"2016-02-17T11:32:27","guid":{"rendered":"https:\/\/www.de-haan.nl\/de\/?page_id=553"},"modified":"2016-03-31T19:20:21","modified_gmt":"2016-03-31T17:20:21","slug":"verpackung","status":"publish","type":"page","link":"https:\/\/www.de-haan.nl\/de\/produktinfo\/verpackung\/","title":{"rendered":"Verpackung"},"content":{"rendered":"<p><strong>Stahlkotfl\u00fcgel:<\/strong><\/p>\n<p>Unsere Stahlkotfl\u00fcgel werden in verpackungseinheiten auf Einwegspaletten mit den Ma\u00dfen 120cm x 140\/160cm verpackt.<\/p>\n<p>Die Kotfl\u00fcgel werden ineinander geschoben und jede zweite Lage wird mit einem Verpackungsband auf der Palette befestigt.<\/p>\n<p>Anschlie\u00dfend wird die Palette mit Folie umwickelt. Diese Folie sch\u00fctzt die Kotfl\u00fcgel vor Besch\u00e4digung (verkratzen) und vor Feuchtigkeit.<\/p>\n<p><strong>Kunststoffteile:<\/strong><\/p>\n<p>Die Kunststoffkotfl\u00fcgel werden in festen Verpackungseinheiten pro Type in Kartons verpackt.<\/p>\n<p>Die einzelnen Lagen erhalten eine Papierzwischenlage zum Schutz der Hinterradteile.<\/p>\n<p>Achtung: Kleinere Mengen als die Verpackungseinheit f\u00fchrt zu Mehrkosten.<\/p>\n<p>Wir sorgen daf\u00fcr, dass unsere Kotfl\u00fcgel sorgf\u00e4ltig verpackt werden damit sie unbesch\u00e4digt bei Ihnen ankommen.<\/p>\n<p>Die Verpackungsmaterialien, die wir einsetzen, schonen die Umwelt.<\/p>\n<ul>\n<li>Einweg Holzpaletten<\/li>\n<li>Biologisch abbaubare Folie<\/li>\n<li>Umweltvertr\u00e4gliche Kartons und Einpackmaterialien<\/li>\n<li>PET Packband<\/li>\n<\/ul>\n","protected":false},"excerpt":{"rendered":"<p>Stahlkotfl\u00fcgel: Unsere Stahlkotfl\u00fcgel werden in verpackungseinheiten auf Einwegspaletten mit den Ma\u00dfen 120cm x 140\/160cm verpackt. Die Kotfl\u00fcgel werden ineinander geschoben und jede zweite Lage wird mit einem Verpackungsband auf der &#8230; <a class=\"read-more\" href=\"https:\/\/www.de-haan.nl\/de\/produktinfo\/verpackung\/\">Lesen Sie mehr &raquo;<\/a><\/p>\n","protected":false},"author":1,"featured_media":0,"parent":525,"menu_order":12,"comment_status":"closed","ping_status":"closed","template":"","meta":{"_acf_changed":false,"footnotes":""},"class_list":["post-553","page","type-page","status-publish","hentry"],"acf":[],"yoast_head":"<!-- This site is optimized with the Yoast SEO plugin v27.5 - https:\/\/yoast.com\/product\/yoast-seo-wordpress\/ -->\n<title>Verpackung - De Haan Metaaltechniek<\/title>\n<meta name=\"robots\" content=\"index, follow, max-snippet:-1, max-image-preview:large, max-video-preview:-1\" \/>\n<link rel=\"canonical\" href=\"https:\/\/www.de-haan.nl\/de\/produktinfo\/verpackung\/\" \/>\n<meta property=\"og:locale\" content=\"de_DE\" \/>\n<meta property=\"og:type\" content=\"article\" \/>\n<meta property=\"og:title\" content=\"Verpackung - De Haan Metaaltechniek\" \/>\n<meta property=\"og:description\" content=\"Stahlkotfl\u00fcgel: Unsere Stahlkotfl\u00fcgel werden in verpackungseinheiten auf Einwegspaletten mit den Ma\u00dfen 120cm x 140\/160cm verpackt. Die Kotfl\u00fcgel werden ineinander geschoben und jede zweite Lage wird mit einem Verpackungsband auf der ... Lesen Sie mehr &raquo;\" \/>\n<meta property=\"og:url\" content=\"https:\/\/www.de-haan.nl\/de\/produktinfo\/verpackung\/\" \/>\n<meta property=\"og:site_name\" content=\"De Haan Metaaltechniek\" \/>\n<meta property=\"article:modified_time\" content=\"2016-03-31T17:20:21+00:00\" \/>\n<meta name=\"twitter:card\" content=\"summary_large_image\" \/>\n<meta name=\"twitter:label1\" content=\"Gesch\u00e4tzte Lesezeit\" \/>\n\t<meta name=\"twitter:data1\" content=\"1\u00a0Minute\" \/>\n<script type=\"application\/ld+json\" class=\"yoast-schema-graph\">{\"@context\":\"https:\\\/\\\/schema.org\",\"@graph\":[{\"@type\":\"WebPage\",\"@id\":\"https:\\\/\\\/www.de-haan.nl\\\/de\\\/produktinfo\\\/verpackung\\\/\",\"url\":\"https:\\\/\\\/www.de-haan.nl\\\/de\\\/produktinfo\\\/verpackung\\\/\",\"name\":\"Verpackung - De Haan Metaaltechniek\",\"isPartOf\":{\"@id\":\"https:\\\/\\\/www.de-haan.nl\\\/#website\"},\"datePublished\":\"2016-02-17T11:32:27+00:00\",\"dateModified\":\"2016-03-31T17:20:21+00:00\",\"breadcrumb\":{\"@id\":\"https:\\\/\\\/www.de-haan.nl\\\/de\\\/produktinfo\\\/verpackung\\\/#breadcrumb\"},\"inLanguage\":\"de\",\"potentialAction\":[{\"@type\":\"ReadAction\",\"target\":[\"https:\\\/\\\/www.de-haan.nl\\\/de\\\/produktinfo\\\/verpackung\\\/\"]}]},{\"@type\":\"BreadcrumbList\",\"@id\":\"https:\\\/\\\/www.de-haan.nl\\\/de\\\/produktinfo\\\/verpackung\\\/#breadcrumb\",\"itemListElement\":[{\"@type\":\"ListItem\",\"position\":1,\"name\":\"Home\",\"item\":\"https:\\\/\\\/www.de-haan.nl\\\/de\\\/\"},{\"@type\":\"ListItem\",\"position\":2,\"name\":\"Produktinfo\",\"item\":\"https:\\\/\\\/www.de-haan.nl\\\/de\\\/produktinfo\\\/\"},{\"@type\":\"ListItem\",\"position\":3,\"name\":\"Verpackung\"}]},{\"@type\":\"WebSite\",\"@id\":\"https:\\\/\\\/www.de-haan.nl\\\/#website\",\"url\":\"https:\\\/\\\/www.de-haan.nl\\\/\",\"name\":\"De Haan Metaaltechniek\",\"description\":\"Producent van kwaliteits-spatschermen in staal en kunststof voor aanhangwagens, boottrailers en paardentrailers.\",\"publisher\":{\"@id\":\"https:\\\/\\\/www.de-haan.nl\\\/#organization\"},\"potentialAction\":[{\"@type\":\"SearchAction\",\"target\":{\"@type\":\"EntryPoint\",\"urlTemplate\":\"https:\\\/\\\/www.de-haan.nl\\\/?s={search_term_string}\"},\"query-input\":{\"@type\":\"PropertyValueSpecification\",\"valueRequired\":true,\"valueName\":\"search_term_string\"}}],\"inLanguage\":\"de\"},{\"@type\":\"Organization\",\"@id\":\"https:\\\/\\\/www.de-haan.nl\\\/#organization\",\"name\":\"De Haan Metaaltechniek\",\"url\":\"https:\\\/\\\/www.de-haan.nl\\\/\",\"logo\":{\"@type\":\"ImageObject\",\"inLanguage\":\"de\",\"@id\":\"https:\\\/\\\/www.de-haan.nl\\\/#\\\/schema\\\/logo\\\/image\\\/\",\"url\":\"https:\\\/\\\/www.de-haan.nl\\\/wp-content\\\/uploads\\\/2016\\\/03\\\/logo.gif\",\"contentUrl\":\"https:\\\/\\\/www.de-haan.nl\\\/wp-content\\\/uploads\\\/2016\\\/03\\\/logo.gif\",\"width\":320,\"height\":120,\"caption\":\"De Haan Metaaltechniek\"},\"image\":{\"@id\":\"https:\\\/\\\/www.de-haan.nl\\\/#\\\/schema\\\/logo\\\/image\\\/\"}}]}<\/script>\n<!-- \/ Yoast SEO plugin. -->","yoast_head_json":{"title":"Verpackung - De Haan Metaaltechniek","robots":{"index":"index","follow":"follow","max-snippet":"max-snippet:-1","max-image-preview":"max-image-preview:large","max-video-preview":"max-video-preview:-1"},"canonical":"https:\/\/www.de-haan.nl\/de\/produktinfo\/verpackung\/","og_locale":"de_DE","og_type":"article","og_title":"Verpackung - De Haan Metaaltechniek","og_description":"Stahlkotfl\u00fcgel: Unsere Stahlkotfl\u00fcgel werden in verpackungseinheiten auf Einwegspaletten mit den Ma\u00dfen 120cm x 140\/160cm verpackt. Die Kotfl\u00fcgel werden ineinander geschoben und jede zweite Lage wird mit einem Verpackungsband auf der ... Lesen Sie mehr &raquo;","og_url":"https:\/\/www.de-haan.nl\/de\/produktinfo\/verpackung\/","og_site_name":"De Haan Metaaltechniek","article_modified_time":"2016-03-31T17:20:21+00:00","twitter_card":"summary_large_image","twitter_misc":{"Gesch\u00e4tzte Lesezeit":"1\u00a0Minute"},"schema":{"@context":"https:\/\/schema.org","@graph":[{"@type":"WebPage","@id":"https:\/\/www.de-haan.nl\/de\/produktinfo\/verpackung\/","url":"https:\/\/www.de-haan.nl\/de\/produktinfo\/verpackung\/","name":"Verpackung - De Haan Metaaltechniek","isPartOf":{"@id":"https:\/\/www.de-haan.nl\/#website"},"datePublished":"2016-02-17T11:32:27+00:00","dateModified":"2016-03-31T17:20:21+00:00","breadcrumb":{"@id":"https:\/\/www.de-haan.nl\/de\/produktinfo\/verpackung\/#breadcrumb"},"inLanguage":"de","potentialAction":[{"@type":"ReadAction","target":["https:\/\/www.de-haan.nl\/de\/produktinfo\/verpackung\/"]}]},{"@type":"BreadcrumbList","@id":"https:\/\/www.de-haan.nl\/de\/produktinfo\/verpackung\/#breadcrumb","itemListElement":[{"@type":"ListItem","position":1,"name":"Home","item":"https:\/\/www.de-haan.nl\/de\/"},{"@type":"ListItem","position":2,"name":"Produktinfo","item":"https:\/\/www.de-haan.nl\/de\/produktinfo\/"},{"@type":"ListItem","position":3,"name":"Verpackung"}]},{"@type":"WebSite","@id":"https:\/\/www.de-haan.nl\/#website","url":"https:\/\/www.de-haan.nl\/","name":"De Haan Metaaltechniek","description":"Producent van kwaliteits-spatschermen in staal en kunststof voor aanhangwagens, boottrailers en paardentrailers.","publisher":{"@id":"https:\/\/www.de-haan.nl\/#organization"},"potentialAction":[{"@type":"SearchAction","target":{"@type":"EntryPoint","urlTemplate":"https:\/\/www.de-haan.nl\/?s={search_term_string}"},"query-input":{"@type":"PropertyValueSpecification","valueRequired":true,"valueName":"search_term_string"}}],"inLanguage":"de"},{"@type":"Organization","@id":"https:\/\/www.de-haan.nl\/#organization","name":"De Haan Metaaltechniek","url":"https:\/\/www.de-haan.nl\/","logo":{"@type":"ImageObject","inLanguage":"de","@id":"https:\/\/www.de-haan.nl\/#\/schema\/logo\/image\/","url":"https:\/\/www.de-haan.nl\/wp-content\/uploads\/2016\/03\/logo.gif","contentUrl":"https:\/\/www.de-haan.nl\/wp-content\/uploads\/2016\/03\/logo.gif","width":320,"height":120,"caption":"De Haan Metaaltechniek"},"image":{"@id":"https:\/\/www.de-haan.nl\/#\/schema\/logo\/image\/"}}]}},"_links":{"self":[{"href":"https:\/\/www.de-haan.nl\/de\/wp-json\/wp\/v2\/pages\/553","targetHints":{"allow":["GET"]}}],"collection":[{"href":"https:\/\/www.de-haan.nl\/de\/wp-json\/wp\/v2\/pages"}],"about":[{"href":"https:\/\/www.de-haan.nl\/de\/wp-json\/wp\/v2\/types\/page"}],"author":[{"embeddable":true,"href":"https:\/\/www.de-haan.nl\/de\/wp-json\/wp\/v2\/users\/1"}],"replies":[{"embeddable":true,"href":"https:\/\/www.de-haan.nl\/de\/wp-json\/wp\/v2\/comments?post=553"}],"version-history":[{"count":0,"href":"https:\/\/www.de-haan.nl\/de\/wp-json\/wp\/v2\/pages\/553\/revisions"}],"up":[{"embeddable":true,"href":"https:\/\/www.de-haan.nl\/de\/wp-json\/wp\/v2\/pages\/525"}],"wp:attachment":[{"href":"https:\/\/www.de-haan.nl\/de\/wp-json\/wp\/v2\/media?parent=553"}],"curies":[{"name":"wp","href":"https:\/\/api.w.org\/{rel}","templated":true}]}}