{"id":545,"date":"2016-02-17T12:31:43","date_gmt":"2016-02-17T11:31:43","guid":{"rendered":"https:\/\/www.de-haan.nl\/de\/?page_id=545"},"modified":"2019-01-23T19:51:21","modified_gmt":"2019-01-23T18:51:21","slug":"deichselkasten","status":"publish","type":"page","link":"https:\/\/www.de-haan.nl\/de\/produktinfo\/deichselkasten\/","title":{"rendered":"Deichselkasten"},"content":{"rendered":"<p><strong>De Haan Box:<\/strong><\/p>\n<p>Hochwertige Kisten aus Aluminium-Riffelblech mit einer St\u00e4rke von 2.5\/4mm. Diese Multifunktionskisten, aus eigener niederl\u00e4ndischen Produktion, passen hervorragend auf der Deichsel eines Anh\u00e4ngers. Diese Kisten werden, wegen den k\u00fcrzeren Deckel, direkt an der vordere Bordwand des Anh\u00e4ngers montiert. Eine Gummidichtung sorgt daf\u00fcr, dass De Haan Boxen wasser- und staubdicht sind, nach IP55.  De Haan Boxen sind sofort verf\u00fcgbar in dreizehn unterschiedlichen Standardgr\u00f6\u00dfen.<\/p>\n<p>&nbsp;<\/p>\n<p><strong>Profibox Plus:<\/strong><\/p>\n<p>Die Profibox Plus ist ein Staukaste f\u00fcr Anh\u00e4ngerdeichseln. Die Box ist aerodynamisch und hat ein modernes Design. Der \u00fcberlappende Deckel und erh\u00f6hte Innenkante gew\u00e4hrleisten, dass die Profibox Plus wasser- und staubdicht ist (IP55). Ein Montage-Kit mit schrauben und Abstandshalter ist optional. Die Box kann mit einem Vorh\u00e4ngeschloss, das auch als Option angeboten wird, geschlossen werden. Die Profibox Plus ist aus umweltfreundlichen schwarzen Polypropylen (PP) gefertigt worden und kann deshalb sehr gut recycelt werden.<br \/>\nGewicht: 2.5 Kg<\/p>\n","protected":false},"excerpt":{"rendered":"<p>De Haan Box: Hochwertige Kisten aus Aluminium-Riffelblech mit einer St\u00e4rke von 2.5\/4mm. Diese Multifunktionskisten, aus eigener niederl\u00e4ndischen Produktion, passen hervorragend auf der Deichsel eines Anh\u00e4ngers. Diese Kisten werden, wegen den &#8230; <a class=\"read-more\" href=\"https:\/\/www.de-haan.nl\/de\/produktinfo\/deichselkasten\/\">Lesen Sie mehr &raquo;<\/a><\/p>\n","protected":false},"author":1,"featured_media":0,"parent":525,"menu_order":8,"comment_status":"closed","ping_status":"closed","template":"","meta":{"_acf_changed":false,"footnotes":""},"class_list":["post-545","page","type-page","status-publish","hentry"],"acf":[],"yoast_head":"<!-- This site is optimized with the Yoast SEO plugin v27.5 - https:\/\/yoast.com\/product\/yoast-seo-wordpress\/ -->\n<title>Deichselkasten - De Haan Metaaltechniek<\/title>\n<meta name=\"robots\" content=\"index, follow, max-snippet:-1, max-image-preview:large, max-video-preview:-1\" \/>\n<link rel=\"canonical\" href=\"https:\/\/www.de-haan.nl\/de\/produktinfo\/deichselkasten\/\" \/>\n<meta property=\"og:locale\" content=\"de_DE\" \/>\n<meta property=\"og:type\" content=\"article\" \/>\n<meta property=\"og:title\" content=\"Deichselkasten - De Haan Metaaltechniek\" \/>\n<meta property=\"og:description\" content=\"De Haan Box: Hochwertige Kisten aus Aluminium-Riffelblech mit einer St\u00e4rke von 2.5\/4mm. Diese Multifunktionskisten, aus eigener niederl\u00e4ndischen Produktion, passen hervorragend auf der Deichsel eines Anh\u00e4ngers. Diese Kisten werden, wegen den ... Lesen Sie mehr &raquo;\" \/>\n<meta property=\"og:url\" content=\"https:\/\/www.de-haan.nl\/de\/produktinfo\/deichselkasten\/\" \/>\n<meta property=\"og:site_name\" content=\"De Haan Metaaltechniek\" \/>\n<meta property=\"article:modified_time\" content=\"2019-01-23T18:51:21+00:00\" \/>\n<meta name=\"twitter:card\" content=\"summary_large_image\" \/>\n<meta name=\"twitter:label1\" content=\"Gesch\u00e4tzte Lesezeit\" \/>\n\t<meta name=\"twitter:data1\" content=\"1\u00a0Minute\" \/>\n<script type=\"application\/ld+json\" class=\"yoast-schema-graph\">{\"@context\":\"https:\\\/\\\/schema.org\",\"@graph\":[{\"@type\":\"WebPage\",\"@id\":\"https:\\\/\\\/www.de-haan.nl\\\/de\\\/produktinfo\\\/deichselkasten\\\/\",\"url\":\"https:\\\/\\\/www.de-haan.nl\\\/de\\\/produktinfo\\\/deichselkasten\\\/\",\"name\":\"Deichselkasten - De Haan Metaaltechniek\",\"isPartOf\":{\"@id\":\"https:\\\/\\\/www.de-haan.nl\\\/#website\"},\"datePublished\":\"2016-02-17T11:31:43+00:00\",\"dateModified\":\"2019-01-23T18:51:21+00:00\",\"breadcrumb\":{\"@id\":\"https:\\\/\\\/www.de-haan.nl\\\/de\\\/produktinfo\\\/deichselkasten\\\/#breadcrumb\"},\"inLanguage\":\"de\",\"potentialAction\":[{\"@type\":\"ReadAction\",\"target\":[\"https:\\\/\\\/www.de-haan.nl\\\/de\\\/produktinfo\\\/deichselkasten\\\/\"]}]},{\"@type\":\"BreadcrumbList\",\"@id\":\"https:\\\/\\\/www.de-haan.nl\\\/de\\\/produktinfo\\\/deichselkasten\\\/#breadcrumb\",\"itemListElement\":[{\"@type\":\"ListItem\",\"position\":1,\"name\":\"Home\",\"item\":\"https:\\\/\\\/www.de-haan.nl\\\/de\\\/\"},{\"@type\":\"ListItem\",\"position\":2,\"name\":\"Produktinfo\",\"item\":\"https:\\\/\\\/www.de-haan.nl\\\/de\\\/produktinfo\\\/\"},{\"@type\":\"ListItem\",\"position\":3,\"name\":\"Deichselkasten\"}]},{\"@type\":\"WebSite\",\"@id\":\"https:\\\/\\\/www.de-haan.nl\\\/#website\",\"url\":\"https:\\\/\\\/www.de-haan.nl\\\/\",\"name\":\"De Haan Metaaltechniek\",\"description\":\"Producent van kwaliteits-spatschermen in staal en kunststof voor aanhangwagens, boottrailers en paardentrailers.\",\"publisher\":{\"@id\":\"https:\\\/\\\/www.de-haan.nl\\\/#organization\"},\"potentialAction\":[{\"@type\":\"SearchAction\",\"target\":{\"@type\":\"EntryPoint\",\"urlTemplate\":\"https:\\\/\\\/www.de-haan.nl\\\/?s={search_term_string}\"},\"query-input\":{\"@type\":\"PropertyValueSpecification\",\"valueRequired\":true,\"valueName\":\"search_term_string\"}}],\"inLanguage\":\"de\"},{\"@type\":\"Organization\",\"@id\":\"https:\\\/\\\/www.de-haan.nl\\\/#organization\",\"name\":\"De Haan Metaaltechniek\",\"url\":\"https:\\\/\\\/www.de-haan.nl\\\/\",\"logo\":{\"@type\":\"ImageObject\",\"inLanguage\":\"de\",\"@id\":\"https:\\\/\\\/www.de-haan.nl\\\/#\\\/schema\\\/logo\\\/image\\\/\",\"url\":\"https:\\\/\\\/www.de-haan.nl\\\/wp-content\\\/uploads\\\/2016\\\/03\\\/logo.gif\",\"contentUrl\":\"https:\\\/\\\/www.de-haan.nl\\\/wp-content\\\/uploads\\\/2016\\\/03\\\/logo.gif\",\"width\":320,\"height\":120,\"caption\":\"De Haan Metaaltechniek\"},\"image\":{\"@id\":\"https:\\\/\\\/www.de-haan.nl\\\/#\\\/schema\\\/logo\\\/image\\\/\"}}]}<\/script>\n<!-- \/ Yoast SEO plugin. -->","yoast_head_json":{"title":"Deichselkasten - De Haan Metaaltechniek","robots":{"index":"index","follow":"follow","max-snippet":"max-snippet:-1","max-image-preview":"max-image-preview:large","max-video-preview":"max-video-preview:-1"},"canonical":"https:\/\/www.de-haan.nl\/de\/produktinfo\/deichselkasten\/","og_locale":"de_DE","og_type":"article","og_title":"Deichselkasten - De Haan Metaaltechniek","og_description":"De Haan Box: Hochwertige Kisten aus Aluminium-Riffelblech mit einer St\u00e4rke von 2.5\/4mm. Diese Multifunktionskisten, aus eigener niederl\u00e4ndischen Produktion, passen hervorragend auf der Deichsel eines Anh\u00e4ngers. Diese Kisten werden, wegen den ... Lesen Sie mehr &raquo;","og_url":"https:\/\/www.de-haan.nl\/de\/produktinfo\/deichselkasten\/","og_site_name":"De Haan Metaaltechniek","article_modified_time":"2019-01-23T18:51:21+00:00","twitter_card":"summary_large_image","twitter_misc":{"Gesch\u00e4tzte Lesezeit":"1\u00a0Minute"},"schema":{"@context":"https:\/\/schema.org","@graph":[{"@type":"WebPage","@id":"https:\/\/www.de-haan.nl\/de\/produktinfo\/deichselkasten\/","url":"https:\/\/www.de-haan.nl\/de\/produktinfo\/deichselkasten\/","name":"Deichselkasten - De Haan Metaaltechniek","isPartOf":{"@id":"https:\/\/www.de-haan.nl\/#website"},"datePublished":"2016-02-17T11:31:43+00:00","dateModified":"2019-01-23T18:51:21+00:00","breadcrumb":{"@id":"https:\/\/www.de-haan.nl\/de\/produktinfo\/deichselkasten\/#breadcrumb"},"inLanguage":"de","potentialAction":[{"@type":"ReadAction","target":["https:\/\/www.de-haan.nl\/de\/produktinfo\/deichselkasten\/"]}]},{"@type":"BreadcrumbList","@id":"https:\/\/www.de-haan.nl\/de\/produktinfo\/deichselkasten\/#breadcrumb","itemListElement":[{"@type":"ListItem","position":1,"name":"Home","item":"https:\/\/www.de-haan.nl\/de\/"},{"@type":"ListItem","position":2,"name":"Produktinfo","item":"https:\/\/www.de-haan.nl\/de\/produktinfo\/"},{"@type":"ListItem","position":3,"name":"Deichselkasten"}]},{"@type":"WebSite","@id":"https:\/\/www.de-haan.nl\/#website","url":"https:\/\/www.de-haan.nl\/","name":"De Haan Metaaltechniek","description":"Producent van kwaliteits-spatschermen in staal en kunststof voor aanhangwagens, boottrailers en paardentrailers.","publisher":{"@id":"https:\/\/www.de-haan.nl\/#organization"},"potentialAction":[{"@type":"SearchAction","target":{"@type":"EntryPoint","urlTemplate":"https:\/\/www.de-haan.nl\/?s={search_term_string}"},"query-input":{"@type":"PropertyValueSpecification","valueRequired":true,"valueName":"search_term_string"}}],"inLanguage":"de"},{"@type":"Organization","@id":"https:\/\/www.de-haan.nl\/#organization","name":"De Haan Metaaltechniek","url":"https:\/\/www.de-haan.nl\/","logo":{"@type":"ImageObject","inLanguage":"de","@id":"https:\/\/www.de-haan.nl\/#\/schema\/logo\/image\/","url":"https:\/\/www.de-haan.nl\/wp-content\/uploads\/2016\/03\/logo.gif","contentUrl":"https:\/\/www.de-haan.nl\/wp-content\/uploads\/2016\/03\/logo.gif","width":320,"height":120,"caption":"De Haan Metaaltechniek"},"image":{"@id":"https:\/\/www.de-haan.nl\/#\/schema\/logo\/image\/"}}]}},"_links":{"self":[{"href":"https:\/\/www.de-haan.nl\/de\/wp-json\/wp\/v2\/pages\/545","targetHints":{"allow":["GET"]}}],"collection":[{"href":"https:\/\/www.de-haan.nl\/de\/wp-json\/wp\/v2\/pages"}],"about":[{"href":"https:\/\/www.de-haan.nl\/de\/wp-json\/wp\/v2\/types\/page"}],"author":[{"embeddable":true,"href":"https:\/\/www.de-haan.nl\/de\/wp-json\/wp\/v2\/users\/1"}],"replies":[{"embeddable":true,"href":"https:\/\/www.de-haan.nl\/de\/wp-json\/wp\/v2\/comments?post=545"}],"version-history":[{"count":2,"href":"https:\/\/www.de-haan.nl\/de\/wp-json\/wp\/v2\/pages\/545\/revisions"}],"predecessor-version":[{"id":1829,"href":"https:\/\/www.de-haan.nl\/de\/wp-json\/wp\/v2\/pages\/545\/revisions\/1829"}],"up":[{"embeddable":true,"href":"https:\/\/www.de-haan.nl\/de\/wp-json\/wp\/v2\/pages\/525"}],"wp:attachment":[{"href":"https:\/\/www.de-haan.nl\/de\/wp-json\/wp\/v2\/media?parent=545"}],"curies":[{"name":"wp","href":"https:\/\/api.w.org\/{rel}","templated":true}]}}