{"id":529,"date":"2016-02-17T12:30:32","date_gmt":"2016-02-17T11:30:32","guid":{"rendered":"https:\/\/www.de-haan.nl\/de\/?page_id=529"},"modified":"2016-03-22T11:18:29","modified_gmt":"2016-03-22T10:18:29","slug":"typen-bezeichnung","status":"publish","type":"page","link":"https:\/\/www.de-haan.nl\/de\/produktinfo\/typen-bezeichnung\/","title":{"rendered":"Typen Bezeichnung"},"content":{"rendered":"<p>An Hand Buchstaben und Zahlen wissen Sie um welcher Kotfl\u00fcgel es sich handelt.<\/p>\n<p>Die Ziffern in der Typenbezeichnung deuten die Breite und die Spannweite an. Die beiden ersten Ziffern erkl\u00e4ren die Breite in cm und die letzten zwei oder drei Ziffern erkl\u00e4ren die Spannweite in cm.<\/p>\n<p>Typ HR bedeutet Einachs Kotfl\u00fcgel rund mit eckige Anbauseite (R12)<\/p>\n<p>Typ HMHR bedeutet Einachs Kotfl\u00fcgel eckig mit eckige Anbauseite (R12)<\/p>\n<p>Typ R bedeutet Einachs Kotfl\u00fcgel v\u00f6llig rund (Anbau vorn und hinten)<\/p>\n<p>Typ HMR bedeutet Einachs Kotfl\u00fcgel eckig (Anbau vorne und hinten)<\/p>\n<p>Typ THRD bedeutet Doppelachs Kotfl\u00fcgel rund mit eckige Anbauseite (R12) und 2,5mm Durchsetzung<\/p>\n<p>Typ THRV bedeutet Doppelachs Kotfl\u00fcgel rund mit eckige Anbauseite (R12) ohne Durchsetzung<\/p>\n<p>Typ THMHRD bedeutet Doppelachs Kotfl\u00fcgel eckig mit eckige Anbauseite (R12) und 2,5mm Durchsetzung<\/p>\n<p>Typ TRV bedeutet Doppelachs Kotfl\u00fcgel rund (Anbau vorne und hinten)<\/p>\n<p>Typ THMRV bedeutet Doppelachs Kotfl\u00fcgel eckig (Anbau vorne und hinten)<\/p>\n<p>Typ THRW bedeutet Doppelachs Kotfl\u00fcgel rund mit eckige Anbauseite (R12) und gew\u00f6lbter R\u00fccken<\/p>\n<p>Typ TRW bedeutet Doppelachs Kotfl\u00fcgel rund (Anbau vorne und hinten) und gew\u00f6lbter R\u00fccken<\/p>\n<p>Typ HMK bedeutet Einachs Kunststoff Kotfl\u00fcgel eckig mit eckige Anbauseite (R12)<\/p>\n<p>Typ THMK bedeutet Doppelachs Kunststoff Kotfl\u00fcgel eckig mit eckige Anbauseite (R12)<\/p>\n<p>Typ HMS bedeutet Kunststoff Kurzkotfl\u00fcgel (Anbau oben oder an der Seite (R12))<\/p>\n","protected":false},"excerpt":{"rendered":"<p>An Hand Buchstaben und Zahlen wissen Sie um welcher Kotfl\u00fcgel es sich handelt. Die Ziffern in der Typenbezeichnung deuten die Breite und die Spannweite an. Die beiden ersten Ziffern erkl\u00e4ren &#8230; <a class=\"read-more\" href=\"https:\/\/www.de-haan.nl\/de\/produktinfo\/typen-bezeichnung\/\">Lesen Sie mehr &raquo;<\/a><\/p>\n","protected":false},"author":1,"featured_media":0,"parent":525,"menu_order":0,"comment_status":"closed","ping_status":"closed","template":"","meta":{"_acf_changed":false,"footnotes":""},"class_list":["post-529","page","type-page","status-publish","hentry"],"acf":[],"yoast_head":"<!-- This site is optimized with the Yoast SEO plugin v27.4 - https:\/\/yoast.com\/product\/yoast-seo-wordpress\/ -->\n<title>Typen Bezeichnung - De Haan Metaaltechniek<\/title>\n<meta name=\"robots\" content=\"index, follow, max-snippet:-1, max-image-preview:large, max-video-preview:-1\" \/>\n<link rel=\"canonical\" href=\"https:\/\/www.de-haan.nl\/de\/produktinfo\/typen-bezeichnung\/\" \/>\n<meta property=\"og:locale\" content=\"de_DE\" \/>\n<meta property=\"og:type\" content=\"article\" \/>\n<meta property=\"og:title\" content=\"Typen Bezeichnung - De Haan Metaaltechniek\" \/>\n<meta property=\"og:description\" content=\"An Hand Buchstaben und Zahlen wissen Sie um welcher Kotfl\u00fcgel es sich handelt. Die Ziffern in der Typenbezeichnung deuten die Breite und die Spannweite an. Die beiden ersten Ziffern erkl\u00e4ren ... Lesen Sie mehr &raquo;\" \/>\n<meta property=\"og:url\" content=\"https:\/\/www.de-haan.nl\/de\/produktinfo\/typen-bezeichnung\/\" \/>\n<meta property=\"og:site_name\" content=\"De Haan Metaaltechniek\" \/>\n<meta property=\"article:modified_time\" content=\"2016-03-22T10:18:29+00:00\" \/>\n<meta name=\"twitter:card\" content=\"summary_large_image\" \/>\n<meta name=\"twitter:label1\" content=\"Gesch\u00e4tzte Lesezeit\" \/>\n\t<meta name=\"twitter:data1\" content=\"1\u00a0Minute\" \/>\n<script type=\"application\/ld+json\" class=\"yoast-schema-graph\">{\"@context\":\"https:\\\/\\\/schema.org\",\"@graph\":[{\"@type\":\"WebPage\",\"@id\":\"https:\\\/\\\/www.de-haan.nl\\\/de\\\/produktinfo\\\/typen-bezeichnung\\\/\",\"url\":\"https:\\\/\\\/www.de-haan.nl\\\/de\\\/produktinfo\\\/typen-bezeichnung\\\/\",\"name\":\"Typen Bezeichnung - De Haan Metaaltechniek\",\"isPartOf\":{\"@id\":\"https:\\\/\\\/www.de-haan.nl\\\/#website\"},\"datePublished\":\"2016-02-17T11:30:32+00:00\",\"dateModified\":\"2016-03-22T10:18:29+00:00\",\"breadcrumb\":{\"@id\":\"https:\\\/\\\/www.de-haan.nl\\\/de\\\/produktinfo\\\/typen-bezeichnung\\\/#breadcrumb\"},\"inLanguage\":\"de\",\"potentialAction\":[{\"@type\":\"ReadAction\",\"target\":[\"https:\\\/\\\/www.de-haan.nl\\\/de\\\/produktinfo\\\/typen-bezeichnung\\\/\"]}]},{\"@type\":\"BreadcrumbList\",\"@id\":\"https:\\\/\\\/www.de-haan.nl\\\/de\\\/produktinfo\\\/typen-bezeichnung\\\/#breadcrumb\",\"itemListElement\":[{\"@type\":\"ListItem\",\"position\":1,\"name\":\"Home\",\"item\":\"https:\\\/\\\/www.de-haan.nl\\\/de\\\/\"},{\"@type\":\"ListItem\",\"position\":2,\"name\":\"Produktinfo\",\"item\":\"https:\\\/\\\/www.de-haan.nl\\\/de\\\/produktinfo\\\/\"},{\"@type\":\"ListItem\",\"position\":3,\"name\":\"Typen Bezeichnung\"}]},{\"@type\":\"WebSite\",\"@id\":\"https:\\\/\\\/www.de-haan.nl\\\/#website\",\"url\":\"https:\\\/\\\/www.de-haan.nl\\\/\",\"name\":\"De Haan Metaaltechniek\",\"description\":\"Producent van kwaliteits-spatschermen in staal en kunststof voor aanhangwagens, boottrailers en paardentrailers.\",\"publisher\":{\"@id\":\"https:\\\/\\\/www.de-haan.nl\\\/#organization\"},\"potentialAction\":[{\"@type\":\"SearchAction\",\"target\":{\"@type\":\"EntryPoint\",\"urlTemplate\":\"https:\\\/\\\/www.de-haan.nl\\\/?s={search_term_string}\"},\"query-input\":{\"@type\":\"PropertyValueSpecification\",\"valueRequired\":true,\"valueName\":\"search_term_string\"}}],\"inLanguage\":\"de\"},{\"@type\":\"Organization\",\"@id\":\"https:\\\/\\\/www.de-haan.nl\\\/#organization\",\"name\":\"De Haan Metaaltechniek\",\"url\":\"https:\\\/\\\/www.de-haan.nl\\\/\",\"logo\":{\"@type\":\"ImageObject\",\"inLanguage\":\"de\",\"@id\":\"https:\\\/\\\/www.de-haan.nl\\\/#\\\/schema\\\/logo\\\/image\\\/\",\"url\":\"https:\\\/\\\/www.de-haan.nl\\\/wp-content\\\/uploads\\\/2016\\\/03\\\/logo.gif\",\"contentUrl\":\"https:\\\/\\\/www.de-haan.nl\\\/wp-content\\\/uploads\\\/2016\\\/03\\\/logo.gif\",\"width\":320,\"height\":120,\"caption\":\"De Haan Metaaltechniek\"},\"image\":{\"@id\":\"https:\\\/\\\/www.de-haan.nl\\\/#\\\/schema\\\/logo\\\/image\\\/\"}}]}<\/script>\n<!-- \/ Yoast SEO plugin. -->","yoast_head_json":{"title":"Typen Bezeichnung - De Haan Metaaltechniek","robots":{"index":"index","follow":"follow","max-snippet":"max-snippet:-1","max-image-preview":"max-image-preview:large","max-video-preview":"max-video-preview:-1"},"canonical":"https:\/\/www.de-haan.nl\/de\/produktinfo\/typen-bezeichnung\/","og_locale":"de_DE","og_type":"article","og_title":"Typen Bezeichnung - De Haan Metaaltechniek","og_description":"An Hand Buchstaben und Zahlen wissen Sie um welcher Kotfl\u00fcgel es sich handelt. Die Ziffern in der Typenbezeichnung deuten die Breite und die Spannweite an. Die beiden ersten Ziffern erkl\u00e4ren ... Lesen Sie mehr &raquo;","og_url":"https:\/\/www.de-haan.nl\/de\/produktinfo\/typen-bezeichnung\/","og_site_name":"De Haan Metaaltechniek","article_modified_time":"2016-03-22T10:18:29+00:00","twitter_card":"summary_large_image","twitter_misc":{"Gesch\u00e4tzte Lesezeit":"1\u00a0Minute"},"schema":{"@context":"https:\/\/schema.org","@graph":[{"@type":"WebPage","@id":"https:\/\/www.de-haan.nl\/de\/produktinfo\/typen-bezeichnung\/","url":"https:\/\/www.de-haan.nl\/de\/produktinfo\/typen-bezeichnung\/","name":"Typen Bezeichnung - De Haan Metaaltechniek","isPartOf":{"@id":"https:\/\/www.de-haan.nl\/#website"},"datePublished":"2016-02-17T11:30:32+00:00","dateModified":"2016-03-22T10:18:29+00:00","breadcrumb":{"@id":"https:\/\/www.de-haan.nl\/de\/produktinfo\/typen-bezeichnung\/#breadcrumb"},"inLanguage":"de","potentialAction":[{"@type":"ReadAction","target":["https:\/\/www.de-haan.nl\/de\/produktinfo\/typen-bezeichnung\/"]}]},{"@type":"BreadcrumbList","@id":"https:\/\/www.de-haan.nl\/de\/produktinfo\/typen-bezeichnung\/#breadcrumb","itemListElement":[{"@type":"ListItem","position":1,"name":"Home","item":"https:\/\/www.de-haan.nl\/de\/"},{"@type":"ListItem","position":2,"name":"Produktinfo","item":"https:\/\/www.de-haan.nl\/de\/produktinfo\/"},{"@type":"ListItem","position":3,"name":"Typen Bezeichnung"}]},{"@type":"WebSite","@id":"https:\/\/www.de-haan.nl\/#website","url":"https:\/\/www.de-haan.nl\/","name":"De Haan Metaaltechniek","description":"Producent van kwaliteits-spatschermen in staal en kunststof voor aanhangwagens, boottrailers en paardentrailers.","publisher":{"@id":"https:\/\/www.de-haan.nl\/#organization"},"potentialAction":[{"@type":"SearchAction","target":{"@type":"EntryPoint","urlTemplate":"https:\/\/www.de-haan.nl\/?s={search_term_string}"},"query-input":{"@type":"PropertyValueSpecification","valueRequired":true,"valueName":"search_term_string"}}],"inLanguage":"de"},{"@type":"Organization","@id":"https:\/\/www.de-haan.nl\/#organization","name":"De Haan Metaaltechniek","url":"https:\/\/www.de-haan.nl\/","logo":{"@type":"ImageObject","inLanguage":"de","@id":"https:\/\/www.de-haan.nl\/#\/schema\/logo\/image\/","url":"https:\/\/www.de-haan.nl\/wp-content\/uploads\/2016\/03\/logo.gif","contentUrl":"https:\/\/www.de-haan.nl\/wp-content\/uploads\/2016\/03\/logo.gif","width":320,"height":120,"caption":"De Haan Metaaltechniek"},"image":{"@id":"https:\/\/www.de-haan.nl\/#\/schema\/logo\/image\/"}}]}},"_links":{"self":[{"href":"https:\/\/www.de-haan.nl\/de\/wp-json\/wp\/v2\/pages\/529","targetHints":{"allow":["GET"]}}],"collection":[{"href":"https:\/\/www.de-haan.nl\/de\/wp-json\/wp\/v2\/pages"}],"about":[{"href":"https:\/\/www.de-haan.nl\/de\/wp-json\/wp\/v2\/types\/page"}],"author":[{"embeddable":true,"href":"https:\/\/www.de-haan.nl\/de\/wp-json\/wp\/v2\/users\/1"}],"replies":[{"embeddable":true,"href":"https:\/\/www.de-haan.nl\/de\/wp-json\/wp\/v2\/comments?post=529"}],"version-history":[{"count":0,"href":"https:\/\/www.de-haan.nl\/de\/wp-json\/wp\/v2\/pages\/529\/revisions"}],"up":[{"embeddable":true,"href":"https:\/\/www.de-haan.nl\/de\/wp-json\/wp\/v2\/pages\/525"}],"wp:attachment":[{"href":"https:\/\/www.de-haan.nl\/de\/wp-json\/wp\/v2\/media?parent=529"}],"curies":[{"name":"wp","href":"https:\/\/api.w.org\/{rel}","templated":true}]}}