{"id":1751,"date":"2018-05-23T11:13:37","date_gmt":"2018-05-23T09:13:37","guid":{"rendered":"https:\/\/www.de-haan.nl\/kontakt\/privacy-policy\/"},"modified":"2022-11-09T15:00:50","modified_gmt":"2022-11-09T14:00:50","slug":"privacy-policy","status":"publish","type":"page","link":"https:\/\/www.de-haan.nl\/de\/kontakt\/privacy-policy\/","title":{"rendered":"Datenschutzerkl\u00e4rung"},"content":{"rendered":"<h2>\u00dcber unsere Datenschutzrichtlinie<\/h2>\n<p>De Haan Metaaltechniek k\u00fcmmert sich um Ihre Privatsph\u00e4re. Wir verarbeiten daher nur Daten, die wir f\u00fcr die Verbesserung unserer Produkte ben\u00f6tigen und behandeln die Informationen, die wir \u00fcber Sie gesammelt haben. Wir leiten Kundendaten niemals zu kommerziellen Zwecken an Drittfirmen weiter.<\/p>\n<p>Diese Datenschutzerkl\u00e4rung gilt f\u00fcr die Dienstleistungen von De Haan Metaaltechniek bv. Der Beginn der G\u00fcltigkeit dieser Bedingungen ist der 25.05.2018, mit der Ver\u00f6ffentlichung einer neuen Version endet die G\u00fcltigkeit aller fr\u00fcheren Versionen. Diese Datenschutzrichtlinie beschreibt, welche Informationen von Ihnen von uns erhoben werden, wo diese Daten f\u00fcr und mit wem verwendet werden und unter welchen Bedingungen diese Daten m\u00f6glicherweise an Dritte weitergegeben werden k\u00f6nnen. Wir erkl\u00e4ren Ihnen auch, wie wir Ihre Daten speichern und wie wir Ihre Daten vor Missbrauch sch\u00fctzen und welche Rechte Sie in Bezug auf Ihre pers\u00f6nlichen Daten haben.<\/p>\n<p>Wenn Sie Fragen zu unserer Datenschutzerkl\u00e4rung haben, wenden Sie sich bitte an unseren Datenschutzbeauftragten. Die Kontaktdaten finden Sie am Ende unserer Datenschutzerkl\u00e4rung.<\/p>\n<h2>\u00dcber die Datenverarbeitung<\/h2>\n<p>Im Folgenden erfahren Sie, wie wir Ihre Daten verarbeiten, wo wir sie speichern, welche Sicherheitstechniken wir verwenden und f\u00fcr wen die Daten transparent sind.<\/p>\n<h2>Webhosting und E-Mail<\/h2>\n<p>Webhosting wird gemacht von der Firma &#8218;Emazing&#8216;. Diese Partei verarbeitet personenbezogene Daten in unserem Auftrag und verwendet Ihre Daten nicht f\u00fcr ihre eigenen Zwecke. Emazing kann jedoch Metadaten \u00fcber die Nutzung der Dienste sammeln. Diese Daten enthalten keine personenbezogenen Daten. Emazing hat angemessene technische und organisatorische Ma\u00dfnahmen ergriffen, um den Verlust und die unbefugte Nutzung Ihrer pers\u00f6nlichen Daten zu verhindern. Unsere Website verwendet Emazing, eine Drittpartei, die den E-Mail-Verkehr von unserer Website verarbeitet. Alle Webformulare werden \u00fcber die Emazing-Server gesendet. Emazing wird niemals Ihren Namen und Ihre E-Mail-Adresse f\u00fcr Ihre eigenen Zwecke verwenden. Ihre pers\u00f6nlichen Daten werden nicht von Emazing gespeichert.<\/p>\n<h2>Versand und Logistik<\/h2>\n<p>Wenn Sie eine Bestellung bei uns aufgeben, ist es unsere Aufgabe, Ihre Waren an Sie zu liefern. Wir nutzen die Dienste von Post NL, DHL und St vd Brink, um die Lieferungen durchzuf\u00fchren. Es ist daher notwendig, dass wir Ihren Namen, Ihre Adresse und Ihre Wohnadresse mit DHL, Post NL oder St vd Brink teilen. DHL, Post NL und St vd Brink verwenden diese Informationen nur zur Ausf\u00fchrung der Vereinbarung. F\u00fcr den Fall, dass DHL oder St vd Brink Subunternehmer beauftragen, wird DHL oder St vd Brink auch Ihre Daten an diese Parteien weitergeben.<\/p>\n<h2>Rechnungsstellung und Buchhaltung<\/h2>\n<p>Wir halten unsere Aufzeichnungen und Konten intern auf dem neuesten Stand. Diese Daten werden zur Verwaltung von Verkaufsrechnungen verwendet. Ihre pers\u00f6nlichen Daten werden gesch\u00fctzt gespeichert, De Haan Metaaltechniek hat die notwendigen technischen und organisatorischen Ma\u00dfnahmen getroffen, um Ihre Daten vor Verlust und unbefugter Nutzung zu sch\u00fctzen. De Haan Metaaltechniek ist zur Geheimhaltung verpflichtet und behandelt Ihre Daten vertraulich. De Haan Metaaltechniek verwendet Ihre pers\u00f6nlichen Daten nicht f\u00fcr andere als die oben beschriebenen Zwecke.<\/p>\n<h2>Allgemeiner Zweck der Verarbeitung<\/h2>\n<p>Wir verwenden Ihre Daten nur f\u00fcr unsere Dienstleistungen. Dies bedeutet, dass der Zweck der Verarbeitung immer in direktem Zusammenhang mit der von Ihnen angegebenen Aufgabe steht. Wir verwenden Ihre Daten nicht f\u00fcr (gezieltes) Marketing. Ihre Daten werden nicht an Dritte weitergegeben, au\u00dfer zur Erf\u00fcllung von Buchhaltungs- und anderen administrativen Verpflichtungen. Diese Dritten wurden alle auf der Grundlage der Vereinbarung zwischen ihnen und De Haan Metaaltechniek oder eines Eides oder einer gesetzlichen Verpflichtung vertraulich behandelt.<\/p>\n<h2>Automatisch gesammelte Daten<\/h2>\n<p>Daten, die automatisch von unserer Website erfasst werden, werden mit dem Ziel bearbeitet, unsere Dienstleistungen weiter zu verbessern. Diese Information (zB Ihre IP-Adresse, Webbrowser und Betriebssystem) sind keine personenbezogenen Daten.<\/p>\n<h2>Teilnahme an Steuer- und strafrechtlichen Ermittlungen<\/h2>\n<p>Gegebenenfalls kann eine gesetzliche Verpflichtung erforderlich sein, Ihre Daten im Zusammenhang mit Steuererhebungen oder strafrechtlichen Ermittlungen zu teilen. In einem solchen Fall sind wir gezwungen, Ihre Informationen zu teilen.<\/p>\n<h2>Aufbewahrungsfristen<\/h2>\n<p>Wir bewahren Ihre Informationen auf, solange Sie unser Kunde sind. Das bedeutet, dass wir Ihr Kundenprofil behalten, bis Sie angeben, dass Sie unsere Dienste nicht mehr nutzen m\u00f6chten. Wenn Sie uns das angeben, werden wir dies auch als Bitte um Vergebung betrachten. Auf der Grundlage der anwendbaren administrativen Verpflichtungen m\u00fcssen wir Rechnungen mit Ihren (pers\u00f6nlichen) Daten aufbewahren, so dass wir diese Daten so lange aufbewahren, wie die anwendbare Frist l\u00e4uft. Mitarbeiter haben jedoch keinen Zugriff mehr auf Ihr Kundenprofil und Dokumente, die wir im Zusammenhang mit Ihrem Auftrag erstellt haben.<\/p>\n<h2>Ihre Rechte<\/h2>\n<p>Auf der Grundlage der geltenden niederl\u00e4ndischen und europ\u00e4ischen Rechtsvorschriften haben Sie als Betroffener bestimmte Rechte in Bezug auf die personenbezogenen Daten, die von oder in unserem Namen verarbeitet werden. Wir erkl\u00e4ren im Folgenden, welche Rechte diese Rechte haben und wie Sie diese Rechte geltend machen k\u00f6nnen.<\/p>\n<p>Sie haben das Recht, jederzeit eine Beschwerde bei der niederl\u00e4ndischen Datenschutzbeh\u00f6rde einzureichen, wenn Sie vermuten, dass wir Ihre personenbezogenen Daten falsch verwenden.<\/p>\n<h2>Recht auf Einsichtnahme<\/h2>\n<p>Sie haben das Recht auf die Daten zuzugreifen, die wir verarbeiten und die auf Ihre Person bezogen sind oder auf diese zur\u00fcckzuf\u00fchren sind. Sie k\u00f6nnen eine entsprechende Anfrage an unsere Datenschutzkontaktperson richten. Sie erhalten innerhalb von 30 Tagen eine Antwort auf Ihre Anfrage. Wenn Ihre Anfrage genehmigt wird, senden wir Ihnen eine Kopie aller Daten an die uns bekannte E-Mail-Adresse.<\/p>\n<h2>Rektifikationsrecht<\/h2>\n<p>Sie haben jederzeit das Recht auf die Daten, die wir verarbeiten und die auf Ihre Person Bezug haben oder auf diese zur\u00fcckverfolgt werden k\u00f6nnen. Sie k\u00f6nnen eine entsprechende Anfrage an unsere Datenschutzkontaktperson richten. Sie erhalten innerhalb von 30 Tagen eine Antwort auf Ihre Anfrage. Wenn Ihre Anfrage genehmigt wird, senden wir Ihnen eine Best\u00e4tigung, dass die Daten unter der uns bekannten E-Mail-Adresse ge\u00e4ndert wurden.<\/p>\n<h2>Recht auf Einschr\u00e4nkung der Verarbeitung<\/h2>\n<p>Sie haben jederzeit das Recht, die Daten, die wir in Bezug auf Ihre Person verarbeiten, zu beschr\u00e4nken oder auf sie zur\u00fcckzuf\u00fchren. Sie k\u00f6nnen eine entsprechende Anfrage an unsere Datenschutzkontaktperson richten. Sie erhalten innerhalb von 30 Tagen eine Antwort auf Ihre Anfrage. Wenn Ihre Anfrage genehmigt wird, senden wir Ihnen eine Best\u00e4tigung an die uns bekannte E-Mail-Adresse, dass die Daten bis zur Aufhebung der Einschr\u00e4nkung nicht mehr verarbeitet werden.<\/p>\n<h2>Einspruchsrecht und andere Rechte<\/h2>\n<p>In solchen F\u00e4llen haben Sie das Recht, der Verarbeitung Ihrer personenbezogenen Daten durch oder im Auftrag von De Haan Metaaltechniek zu widersprechen. Wenn Sie Einspruch erheben, werden wir die Verarbeitung der Daten unverz\u00fcglich einstellen, bis Ihr Widerspruch beigelegt ist. Wenn Ihr Einwand begr\u00fcndet ist, werden wir die Bearbeitung dauerhaft einstellen. Sie haben auch das Recht, keine automatisierte individuelle Entscheidungsfindung oder Profilierung vorzunehmen. Wir verarbeiten Ihre Daten nicht so, dass dieses Recht zutrifft.<\/p>\n<h2>\u00c4nderungen der Datenschutzrichtlinie<\/h2>\n<p>Wir behalten uns das Recht vor, unsere Datenschutzerkl\u00e4rung jederzeit zu \u00e4ndern. Auf dieser Seite finden Sie immer die aktuellste Version. Wenn die neue Datenschutzerkl\u00e4rung die Art und Weise beeinflusst, wie wir bereits erfasste Daten verarbeiten, werden wir Sie per E-Mail benachrichtigen.<\/p>\n<h2>Kontaktinformationen<\/h2>\n<p>De Haan Metaaltechniek B.V.<\/p>\n<p>E-Mail: <a href=\"mailto:dataprotection@alko-tech.com\">dataprotection@alko-tech.com<\/a><\/p>\n<p>&nbsp;<\/p>\n<p>&nbsp;<\/p>\n","protected":false},"excerpt":{"rendered":"<p>\u00dcber unsere Datenschutzrichtlinie De Haan Metaaltechniek k\u00fcmmert sich um Ihre Privatsph\u00e4re. Wir verarbeiten daher nur Daten, die wir f\u00fcr die Verbesserung unserer Produkte ben\u00f6tigen und behandeln die Informationen, die wir &#8230; <a class=\"read-more\" href=\"https:\/\/www.de-haan.nl\/de\/kontakt\/privacy-policy\/\">Lesen Sie mehr &raquo;<\/a><\/p>\n","protected":false},"author":3,"featured_media":0,"parent":630,"menu_order":0,"comment_status":"closed","ping_status":"closed","template":"","meta":{"_acf_changed":false,"footnotes":""},"class_list":["post-1751","page","type-page","status-publish","hentry"],"acf":[],"yoast_head":"<!-- This site is optimized with the Yoast SEO plugin v27.6 - https:\/\/yoast.com\/product\/yoast-seo-wordpress\/ -->\n<title>Datenschutzerkl\u00e4rung - De Haan Metaaltechniek<\/title>\n<meta name=\"robots\" content=\"index, follow, max-snippet:-1, max-image-preview:large, max-video-preview:-1\" \/>\n<link rel=\"canonical\" href=\"https:\/\/www.de-haan.nl\/de\/kontakt\/privacy-policy\/\" \/>\n<meta property=\"og:locale\" content=\"de_DE\" \/>\n<meta property=\"og:type\" content=\"article\" \/>\n<meta property=\"og:title\" content=\"Datenschutzerkl\u00e4rung - De Haan Metaaltechniek\" \/>\n<meta property=\"og:description\" content=\"\u00dcber unsere Datenschutzrichtlinie De Haan Metaaltechniek k\u00fcmmert sich um Ihre Privatsph\u00e4re. Wir verarbeiten daher nur Daten, die wir f\u00fcr die Verbesserung unserer Produkte ben\u00f6tigen und behandeln die Informationen, die wir ... Lesen Sie mehr &raquo;\" \/>\n<meta property=\"og:url\" content=\"https:\/\/www.de-haan.nl\/de\/kontakt\/privacy-policy\/\" \/>\n<meta property=\"og:site_name\" content=\"De Haan Metaaltechniek\" \/>\n<meta property=\"article:modified_time\" content=\"2022-11-09T14:00:50+00:00\" \/>\n<meta name=\"twitter:card\" content=\"summary_large_image\" \/>\n<meta name=\"twitter:label1\" content=\"Gesch\u00e4tzte Lesezeit\" \/>\n\t<meta name=\"twitter:data1\" content=\"7\u00a0Minuten\" \/>\n<script type=\"application\/ld+json\" class=\"yoast-schema-graph\">{\"@context\":\"https:\\\/\\\/schema.org\",\"@graph\":[{\"@type\":\"WebPage\",\"@id\":\"https:\\\/\\\/www.de-haan.nl\\\/de\\\/kontakt\\\/privacy-policy\\\/\",\"url\":\"https:\\\/\\\/www.de-haan.nl\\\/de\\\/kontakt\\\/privacy-policy\\\/\",\"name\":\"Datenschutzerkl\u00e4rung - De Haan Metaaltechniek\",\"isPartOf\":{\"@id\":\"https:\\\/\\\/www.de-haan.nl\\\/#website\"},\"datePublished\":\"2018-05-23T09:13:37+00:00\",\"dateModified\":\"2022-11-09T14:00:50+00:00\",\"breadcrumb\":{\"@id\":\"https:\\\/\\\/www.de-haan.nl\\\/de\\\/kontakt\\\/privacy-policy\\\/#breadcrumb\"},\"inLanguage\":\"de\",\"potentialAction\":[{\"@type\":\"ReadAction\",\"target\":[\"https:\\\/\\\/www.de-haan.nl\\\/de\\\/kontakt\\\/privacy-policy\\\/\"]}]},{\"@type\":\"BreadcrumbList\",\"@id\":\"https:\\\/\\\/www.de-haan.nl\\\/de\\\/kontakt\\\/privacy-policy\\\/#breadcrumb\",\"itemListElement\":[{\"@type\":\"ListItem\",\"position\":1,\"name\":\"Home\",\"item\":\"https:\\\/\\\/www.de-haan.nl\\\/de\\\/\"},{\"@type\":\"ListItem\",\"position\":2,\"name\":\"Kontakt\",\"item\":\"https:\\\/\\\/www.de-haan.nl\\\/de\\\/kontakt\\\/\"},{\"@type\":\"ListItem\",\"position\":3,\"name\":\"Datenschutzerkl\u00e4rung\"}]},{\"@type\":\"WebSite\",\"@id\":\"https:\\\/\\\/www.de-haan.nl\\\/#website\",\"url\":\"https:\\\/\\\/www.de-haan.nl\\\/\",\"name\":\"De Haan Metaaltechniek\",\"description\":\"Producent van kwaliteits-spatschermen in staal en kunststof voor aanhangwagens, boottrailers en paardentrailers.\",\"publisher\":{\"@id\":\"https:\\\/\\\/www.de-haan.nl\\\/#organization\"},\"potentialAction\":[{\"@type\":\"SearchAction\",\"target\":{\"@type\":\"EntryPoint\",\"urlTemplate\":\"https:\\\/\\\/www.de-haan.nl\\\/?s={search_term_string}\"},\"query-input\":{\"@type\":\"PropertyValueSpecification\",\"valueRequired\":true,\"valueName\":\"search_term_string\"}}],\"inLanguage\":\"de\"},{\"@type\":\"Organization\",\"@id\":\"https:\\\/\\\/www.de-haan.nl\\\/#organization\",\"name\":\"De Haan Metaaltechniek\",\"url\":\"https:\\\/\\\/www.de-haan.nl\\\/\",\"logo\":{\"@type\":\"ImageObject\",\"inLanguage\":\"de\",\"@id\":\"https:\\\/\\\/www.de-haan.nl\\\/#\\\/schema\\\/logo\\\/image\\\/\",\"url\":\"https:\\\/\\\/www.de-haan.nl\\\/wp-content\\\/uploads\\\/2016\\\/03\\\/logo.gif\",\"contentUrl\":\"https:\\\/\\\/www.de-haan.nl\\\/wp-content\\\/uploads\\\/2016\\\/03\\\/logo.gif\",\"width\":320,\"height\":120,\"caption\":\"De Haan Metaaltechniek\"},\"image\":{\"@id\":\"https:\\\/\\\/www.de-haan.nl\\\/#\\\/schema\\\/logo\\\/image\\\/\"}}]}<\/script>\n<!-- \/ Yoast SEO plugin. -->","yoast_head_json":{"title":"Datenschutzerkl\u00e4rung - De Haan Metaaltechniek","robots":{"index":"index","follow":"follow","max-snippet":"max-snippet:-1","max-image-preview":"max-image-preview:large","max-video-preview":"max-video-preview:-1"},"canonical":"https:\/\/www.de-haan.nl\/de\/kontakt\/privacy-policy\/","og_locale":"de_DE","og_type":"article","og_title":"Datenschutzerkl\u00e4rung - De Haan Metaaltechniek","og_description":"\u00dcber unsere Datenschutzrichtlinie De Haan Metaaltechniek k\u00fcmmert sich um Ihre Privatsph\u00e4re. Wir verarbeiten daher nur Daten, die wir f\u00fcr die Verbesserung unserer Produkte ben\u00f6tigen und behandeln die Informationen, die wir ... Lesen Sie mehr &raquo;","og_url":"https:\/\/www.de-haan.nl\/de\/kontakt\/privacy-policy\/","og_site_name":"De Haan Metaaltechniek","article_modified_time":"2022-11-09T14:00:50+00:00","twitter_card":"summary_large_image","twitter_misc":{"Gesch\u00e4tzte Lesezeit":"7\u00a0Minuten"},"schema":{"@context":"https:\/\/schema.org","@graph":[{"@type":"WebPage","@id":"https:\/\/www.de-haan.nl\/de\/kontakt\/privacy-policy\/","url":"https:\/\/www.de-haan.nl\/de\/kontakt\/privacy-policy\/","name":"Datenschutzerkl\u00e4rung - De Haan Metaaltechniek","isPartOf":{"@id":"https:\/\/www.de-haan.nl\/#website"},"datePublished":"2018-05-23T09:13:37+00:00","dateModified":"2022-11-09T14:00:50+00:00","breadcrumb":{"@id":"https:\/\/www.de-haan.nl\/de\/kontakt\/privacy-policy\/#breadcrumb"},"inLanguage":"de","potentialAction":[{"@type":"ReadAction","target":["https:\/\/www.de-haan.nl\/de\/kontakt\/privacy-policy\/"]}]},{"@type":"BreadcrumbList","@id":"https:\/\/www.de-haan.nl\/de\/kontakt\/privacy-policy\/#breadcrumb","itemListElement":[{"@type":"ListItem","position":1,"name":"Home","item":"https:\/\/www.de-haan.nl\/de\/"},{"@type":"ListItem","position":2,"name":"Kontakt","item":"https:\/\/www.de-haan.nl\/de\/kontakt\/"},{"@type":"ListItem","position":3,"name":"Datenschutzerkl\u00e4rung"}]},{"@type":"WebSite","@id":"https:\/\/www.de-haan.nl\/#website","url":"https:\/\/www.de-haan.nl\/","name":"De Haan Metaaltechniek","description":"Producent van kwaliteits-spatschermen in staal en kunststof voor aanhangwagens, boottrailers en paardentrailers.","publisher":{"@id":"https:\/\/www.de-haan.nl\/#organization"},"potentialAction":[{"@type":"SearchAction","target":{"@type":"EntryPoint","urlTemplate":"https:\/\/www.de-haan.nl\/?s={search_term_string}"},"query-input":{"@type":"PropertyValueSpecification","valueRequired":true,"valueName":"search_term_string"}}],"inLanguage":"de"},{"@type":"Organization","@id":"https:\/\/www.de-haan.nl\/#organization","name":"De Haan Metaaltechniek","url":"https:\/\/www.de-haan.nl\/","logo":{"@type":"ImageObject","inLanguage":"de","@id":"https:\/\/www.de-haan.nl\/#\/schema\/logo\/image\/","url":"https:\/\/www.de-haan.nl\/wp-content\/uploads\/2016\/03\/logo.gif","contentUrl":"https:\/\/www.de-haan.nl\/wp-content\/uploads\/2016\/03\/logo.gif","width":320,"height":120,"caption":"De Haan Metaaltechniek"},"image":{"@id":"https:\/\/www.de-haan.nl\/#\/schema\/logo\/image\/"}}]}},"_links":{"self":[{"href":"https:\/\/www.de-haan.nl\/de\/wp-json\/wp\/v2\/pages\/1751","targetHints":{"allow":["GET"]}}],"collection":[{"href":"https:\/\/www.de-haan.nl\/de\/wp-json\/wp\/v2\/pages"}],"about":[{"href":"https:\/\/www.de-haan.nl\/de\/wp-json\/wp\/v2\/types\/page"}],"author":[{"embeddable":true,"href":"https:\/\/www.de-haan.nl\/de\/wp-json\/wp\/v2\/users\/3"}],"replies":[{"embeddable":true,"href":"https:\/\/www.de-haan.nl\/de\/wp-json\/wp\/v2\/comments?post=1751"}],"version-history":[{"count":4,"href":"https:\/\/www.de-haan.nl\/de\/wp-json\/wp\/v2\/pages\/1751\/revisions"}],"predecessor-version":[{"id":2175,"href":"https:\/\/www.de-haan.nl\/de\/wp-json\/wp\/v2\/pages\/1751\/revisions\/2175"}],"up":[{"embeddable":true,"href":"https:\/\/www.de-haan.nl\/de\/wp-json\/wp\/v2\/pages\/630"}],"wp:attachment":[{"href":"https:\/\/www.de-haan.nl\/de\/wp-json\/wp\/v2\/media?parent=1751"}],"curies":[{"name":"wp","href":"https:\/\/api.w.org\/{rel}","templated":true}]}}